{"id":718,"date":"2025-09-12T08:54:50","date_gmt":"2025-09-12T06:54:50","guid":{"rendered":"http:\/\/kirchsteigeralm.com.w01f8228.kasserver.com\/privacy\/"},"modified":"2025-09-16T07:17:03","modified_gmt":"2025-09-16T05:17:03","slug":"privacy","status":"publish","type":"page","link":"https:\/\/kirchsteigeralm.com\/it\/privacy\/","title":{"rendered":"Privacy"},"content":{"rendered":"[vc_row type=&#8221;in_container&#8221; full_screen_row_position=&#8221;middle&#8221; column_margin=&#8221;default&#8221; column_direction=&#8221;default&#8221; column_direction_tablet=&#8221;default&#8221; column_direction_phone=&#8221;default&#8221; scene_position=&#8221;center&#8221; top_padding=&#8221;3%&#8221; constrain_group_1=&#8221;yes&#8221; bottom_padding=&#8221;3%&#8221; text_color=&#8221;dark&#8221; text_align=&#8221;left&#8221; row_border_radius=&#8221;none&#8221; row_border_radius_applies=&#8221;bg&#8221; overflow=&#8221;visible&#8221; overlay_strength=&#8221;0.3&#8243; gradient_direction=&#8221;left_to_right&#8221; shape_divider_position=&#8221;bottom&#8221; bg_image_animation=&#8221;none&#8221; gradient_type=&#8221;default&#8221; shape_type=&#8221;&#8221;][vc_column column_padding=&#8221;no-extra-padding&#8221; column_padding_tablet=&#8221;inherit&#8221; column_padding_phone=&#8221;inherit&#8221; column_padding_position=&#8221;all&#8221; column_element_direction_desktop=&#8221;default&#8221; column_element_spacing=&#8221;default&#8221; desktop_text_alignment=&#8221;default&#8221; tablet_text_alignment=&#8221;default&#8221; phone_text_alignment=&#8221;default&#8221; background_color_opacity=&#8221;1&#8243; background_hover_color_opacity=&#8221;1&#8243; column_backdrop_filter=&#8221;none&#8221; column_shadow=&#8221;none&#8221; column_border_radius=&#8221;none&#8221; column_link_target=&#8221;_self&#8221; column_position=&#8221;default&#8221; gradient_direction=&#8221;left_to_right&#8221; overlay_strength=&#8221;0.3&#8243; width=&#8221;1\/1&#8243; tablet_width_inherit=&#8221;default&#8221; animation_type=&#8221;default&#8221; bg_image_animation=&#8221;none&#8221; border_type=&#8221;simple&#8221; column_border_width=&#8221;none&#8221; column_border_style=&#8221;solid&#8221;][vc_column_text css=&#8221;&#8221; text_direction=&#8221;default&#8221;]\r\n<h1><\/h1>\r\n<h1 class=\"wp-block-heading\">Privacy<\/h1>\r\n<p><strong>Dichiarazione sulla protezioni dei dati personali<\/strong><\/p>\r\n<p>Ai sensi dell\u2019art. 13 del D.Lgs. n. 196 del 30 giugno 2003 (\u201cCodice in materia di protezione dei dati personali\u201d), questa dichiarazione sulla protezione dei dati personali si rivolge a coloro che utilizzano i siti internet di Kirchsteigeralm, accessibili al sito internet www.unterthurnerhof.com.<\/p>\r\n<p>La dichiarazione si basa sulla Raccomandazione n. 2\/2001 del 17 maggio 2001 del gruppo di lavoro formato da rappresentanti del Garante europeo per la protezione dei dati ai sensi del art. 29, Direttiva n. 95\/46\/CE.<\/p>\r\n<p>Questa dichiarazione vale esclusivamente per i suddetti siti internet e non per altri siti internet eventualmente accessibili dall\u2019utente a mezzo di link ipertestuale sui suddetti siti.<\/p>\r\n<p>Kirchsteigeralm, in veste di gestore dell\u2019anzidetto sito internet, garantisce, nei limiti delle disposizioni di legge, che il trattamento dei dati personali avvenga in ossequio ai diritti e le libert\u00e0 fondamentali cos\u00ec come la dignit\u00e0 dell\u2019interessato, con particolare riguardo alla segretezza, all\u2019identit\u00e0 personale e al diritto alla tutela dei dati personali.<\/p>\r\n<p><strong>1. Il \u201etitolare\u201c dell\u2019elaborazione dei dati<\/strong><\/p>\r\n<p>Kirchsteigeralm di Gabriel Kienzl<br \/>Via Piffinger 41<br \/>39010 Merano 2000<\/p>\r\n<p><a href=\"mailto:info@kirchsteigeralm.com\">info@kirchsteigeralm.com<\/a><\/p>\r\n<p>Partita IVA: 02753090212<br \/>Codice Fiscale: KNZGRL79T12F132S<\/p>\r\n<p><strong>2. Luogo dell\u2018elaborazione die dati<\/strong><\/p>\r\n<p>ALL-INKL.COM \u2013 Neue Medien M\u00fcnnich<br \/>Hauptstra\u00dfe 68<br \/>D- 02742 Friedersdorf<br \/>Localit\u00e0 del server: Germania<\/p>\r\n<p><strong>3. Tipo dei dati rilevati<\/strong><\/p>\r\n<p><strong>3.1. Dati di navigazione<\/strong><\/p>\r\n<p>I sistemi di elaborazione dei dati e i software utilizzati per il funzionamento di questo sito internet rilevano in automatica ad ogni accesso ai siti internet determinati dati personali (p. es. indirizzo IP, nome domain del provider, data e ora dell\u2019accesso al sito, durata dell\u2019accesso, informazioni riguardanti il sistema operativo utilizzato, ecc.).<br \/>Si tratta a questo proposito di informazioni le quali, stante la loro natura ed in relazione con dati salvati presso terzi, possono condurre all\u2019identificazione del utente.<br \/>L\u2019assunzione di tali dati non avviene allo scopo di utilizzazione personale degli stessi. Il titolare, per\u00f2, si riserva il diritto di effettuare analisi statistiche di dati anonimizzati.<br \/>Inoltre si fa presente che i dati in tal modo rilevati possono essere utilizzati, nei limiti delle disposizioni di legge, per la persecuzione di reati.<\/p>\r\n<p><strong>3.2. Cookies<\/strong><\/p>\r\n<p>Sui siti internet di Kirchsteigeralm non vengono utilizzati cookies.<\/p>\r\n<p><strong>3.3. Dati trasmessi volontariamente<\/strong><\/p>\r\n<p>Il \u201etitolare\u201c dell\u2019elaborazione dei dati dichiara che i dati personali, i quali sono stati trasmessi, in qualunque forma, volontariamente dall\u2019utente, vengono registrati ed elaborati esclusivamente per conseguire gli obiettivi e gli scopi ossia per prestare i servizi offerti, per adempiere eventuali obblighi contrattuali nei confronti dell\u2019interessato e\/o per incombenze legali. Questi dati personali non sono soggetti a divulgazione e non vengono trasmessi a terzi, purch\u00e9 ci\u00f2 non sia necessario per il conseguimento degli obiettivi e degli scopi dei siti internet\u00a0di Kirchsteigeralm ossia per la prestazione dei servizi offerti.<\/p>\r\n<p><strong>4. Scopo dell\u2019elaborazione dei dati<\/strong><\/p>\r\n<p>Obiettivo e scopo dell\u2019elaborazione dei dati sono:<br \/>\u2013 Adempimento di obblighi di legge, obblighi imposti da ordinanze, da norme comunitarie cos\u00ec come leggi di diritto civile e tributario;<br \/>\u2013 adempimento di eventuali obblighi contrattuali nei confronti dell\u2018interessato;<br \/>\u2013 tutela dei crediti e gestione dei debiti;<\/p>\r\n<p>Per l\u2019adempimento dell\u2019obiettivo e dello scopo dei siti internet di Kirchsteigeralm ossia per la prestazione dei servizi offerti, i dati personali trasmessi volontariamente dall\u2019utente possono essere comunicati ossia resi accessibili ai seguenti destinatari:- a Kirchsteigeralm, nonch\u00e9 ad esterni gestori di servizi, incaricati dell\u2019allestimento e dell\u2019assistenza dei siti di Kirchsteigeralm;<br \/>Per giunta i dati trasmessi possono essere inoltrati:<br \/>\u2013 alle pubbliche amministrazioni ed enti, purch\u00e9 previsto dalla legge;<br \/>\u2013 a tutte le persone fisiche e\/o giuridiche, pubbliche e\/o private (studi di consulenza legale, amministrativa, fiscale, tribunali, camere di commercio, case editrici, universit\u00e0, imprese, partner di cooperazioni ecc.), purch\u00e9 l\u2019inoltro risulti necessario oppure conveniente per l\u2019esercizio dell\u2019attivit\u00e0 aziendale cos\u00ec come summenzionato sopra con i rispettivi obiettivi.<\/p>\r\n<p><strong>5. Modalit\u00e0 dell\u2019elaborazione dei dati<\/strong><\/p>\r\n<p>L\u2019elaborazione die dati pu\u00f2 avvenire con o senza ausilio di mezzi elettronici, ad ogni modo automatici, e comprende tutte le procedure previste all\u2019art. 4, 1\u00b0 comma, lettera a) del D.Lgs. n. 196 del 30 giugno 2003 e necessarie per l\u2019elaborazione dei dati attinenti. In ogni caso, l\u2019elaborazione dei dati verr\u00e0 svolta rispettando tutte le misure di precauzione a garanzia della sicurezza e riservatezza.<\/p>\r\n<p><strong>6. Diritti della persona interessata<\/strong><\/p>\r\n<p>Ai sensi dell\u2019art.4 del D.Lgs. n. 196 del 30 giugno 2003, la persona interessata ha diritto ad essere informata sull\u2019esistenza di dati che la concernono, anche se non ancora salvati; quest\u2019ultima ha inoltre diritto alla trasmissione di tali dati in forma intellegibile.<\/p>\r\n<p>La persona interessata ha diritto all\u2019informazione su<br \/>a) la provenienza dei dati personali;<br \/>b) lo scopo e le modalit\u00e0 dell\u2019elaborazione;<br \/>c) il sistema utilizzato, qualora i dati vengano elaborati elettronicamente;<br \/>d) i dati pi\u00f9 importanti per l\u2019identificazione del titolare del diritto, dei responsabili e del rappresentante nominato;<br \/>e) le persone o categorie di persone, alle quali i dati personali possono essere trasmessi, ovvero le quali ne possono prendere atto in veste di rappresentanti nominati nello stato, di responsabili o di delegati.<\/p>\r\n<p><strong>La persona interessata ha inoltre diritto:<\/strong><br \/>a) a pretendere l\u2018aggiornamento, la rettifica o, purch\u00e9 interessata, l\u2019integrazione dei dati;<br \/>b) a pretendere che dati illegittimamente elaborati vengano cancellati, anonimizzati oppure bloccati; ci\u00f2 vale anche per dati la cui conservazione non \u00e8 necessaria per gli scopi per i quali sono stati rilevati e sussidiariamente elaborati;<br \/>c) a ricevere conferma che le procedure specificate alle lettere a) e b) sono state comunicate, anche nel loro contenuto, a coloro cui i dati sono stati trasmessi o presso i quali sono stati diffusi, purch\u00e9 ci\u00f2 non risulti impossibile o l\u2019impiego dei mezzi non risulti insostenibilmente oneroso rispetto al diritto tutelato.<\/p>\r\n<p><strong>La persona interessata ha, infine, in toto o in parte, il diritto<\/strong><br \/>a) ad opporsi per ragioni legittime all\u2019elaborazione di dati personali che la riguardano, anche se questi dati coincidono con lo scopo della raccolta;<br \/>a) ad opporsi all\u2019elaborazione di dati personali che la riguardano, quando tale elaborazione ha come scopo la spedizione di prodotti pubblicitari o la vendita diretta, la ricerca sul mercato o su opinioni o l\u2019informazione commerciale.<\/p>\r\n<p>I detti diritti possono essere fatti valere con una diffida alla buona al titolare del diritto o al responsabile, anche tramite una persona delegata.<\/p>\r\n<p><strong>Cookie<\/strong><br \/>S\u00ec, anche noi utilizziamo i cookie sul nostro sito. \u00c8 tuttavia possibile configurare il proprio browser in modo che nessun cookie venga memorizzato sul computer o che compaia sempre un avviso prima che venga creato un nuovo cookie. La completa disattivazione dei cookie pu\u00f2 tuttavia comportare l\u2019impossibilit\u00e0 di utilizzare tutte le funzioni del nostro sito web.<br \/><a href=\"https:\/\/kirchsteigeralm.com\/it\/cookies\/\">Maggiori informazioni qui<\/a><\/p>\r\n<p><strong>File di log<\/strong><br \/>Come la maggior parte dei siti web, anche noi raccogliamo automaticamente alcune informazioni che vengono memorizzate nei file di log. Queste informazioni includono indirizzi di protocollo Internet (indirizzi IP), tipo di browser, Internet Service Provider (ISP), pagine di riferimento\/uscita, sistema operativo, data\/ora e dati del clickstream.<br \/>Questi dati, chiamati anche file di log, si trovano sui server di ALL-INKL.COM \u2013 Neue Medien M\u00fcnnich in Germania e vengono solitamente cancellati dopo alcuni giorni.<\/p>\r\n<p><strong>Crittografia SSL<\/strong><br \/>Per proteggere la sicurezza dei vostri dati durante la trasmissione, utilizziamo procedure di crittografia conformi allo stato attuale della tecnica (ad es. SSL) tramite HTTPS.<\/p>\r\n<p><strong>Modulo di contatto<\/strong><br \/>Se ci contattate per qualsiasi tipo di domanda tramite e-mail o modulo di contatto, ci concedete volontariamente il vostro consenso al fine di essere ricontattati. A tal fine \u00e8 necessario fornire un indirizzo e-mail valido, che serve per associare la richiesta e per poterle dare risposta. L\u2019indicazione di ulteriori dati \u00e8 facoltativa. I dati da voi forniti vengono memorizzati per elaborare la richiesta e per eventuali domande successive. Una volta conclusa la richiesta da voi presentata, i dati personali vengono automaticamente cancellati.<\/p>\r\n<p><strong>Utilizzo di servizi esterni<\/strong><br \/>Utilizzo di librerie di script \u2013 Google Webfonts<br \/>Per rappresentare correttamente e graficamente in modo accattivante i nostri contenuti su diversi browser, utilizziamo su questo sito web librerie di script e librerie di caratteri come, ad esempio, Google Webfonts.<br \/>I Google Webfonts vengono trasferiti nella cache del vostro browser per evitare caricamenti ripetuti. Se il browser non supporta i Google Webfonts o ne impedisce l\u2019accesso, i contenuti verranno visualizzati con un carattere standard.<br \/>La chiamata di librerie di script o di caratteri comporta automaticamente una connessione al gestore della libreria. In teoria \u00e8 possibile \u2013 anche se al momento non \u00e8 chiaro se e per quali scopi \u2013 che i gestori delle relative librerie raccolgano dati.<br \/>L\u2019informativa sulla privacy del gestore della libreria Google \u00e8 disponibile qui:<br \/><a href=\"https:\/\/www.google.com\/policies\/privacy\/\" target=\"_blank\" rel=\"noopener\">https:\/\/www.google.com\/policies\/privacy\/\u00a0<\/a><\/p>\r\n<p><strong>Altre domande?<\/strong><br \/>I diritti in oggetto possono essere esercitati dall\u2019interessato o da una persona da lui incaricata, mediante richiesta al responsabile tramite raccomandata o e-mail a <a href=\"mailto:info@kirchsteigeralm.com\">info@kirchsteigeralm.com<\/a>.<\/p>\r\n<p><strong>Modifica delle nostre disposizioni sulla protezione dei dati<br \/>Ci riserviamo il diritto di adattare la presente informativa sulla privacy affinch\u00e9 sia sempre conforme ai requisiti legali vigenti o per integrare eventuali modifiche dei nostri servizi, ad esempio in caso di introduzione di nuovi servizi. Per una vostra visita successiva si applicher\u00e0 quindi la nuova informativa sulla privacy.<\/strong><\/p>\r\n[\/vc_column_text][\/vc_column][\/vc_row]","protected":false},"excerpt":{"rendered":"<p>[vc_row type=&#8221;in_container&#8221; full_screen_row_position=&#8221;middle&#8221; column_margin=&#8221;default&#8221; column_direction=&#8221;default&#8221; column_direction_tablet=&#8221;default&#8221; column_direction_phone=&#8221;default&#8221; scene_position=&#8221;center&#8221; top_padding=&#8221;3%&#8221; constrain_group_1=&#8221;yes&#8221; bottom_padding=&#8221;3%&#8221; text_color=&#8221;dark&#8221; text_align=&#8221;left&#8221; row_border_radius=&#8221;none&#8221; row_border_radius_applies=&#8221;bg&#8221; overflow=&#8221;visible&#8221; overlay_strength=&#8221;0.3&#8243; gradient_direction=&#8221;left_to_right&#8221; shape_divider_position=&#8221;bottom&#8221; bg_image_animation=&#8221;none&#8221; gradient_type=&#8221;default&#8221; shape_type=&#8221;&#8221;][vc_column column_padding=&#8221;no-extra-padding&#8221; column_padding_tablet=&#8221;inherit&#8221; column_padding_phone=&#8221;inherit&#8221; column_padding_position=&#8221;all&#8221; column_element_direction_desktop=&#8221;default&#8221; column_element_spacing=&#8221;default&#8221; desktop_text_alignment=&#8221;default&#8221; tablet_text_alignment=&#8221;default&#8221;&#8230;<\/p>\n","protected":false},"author":1,"featured_media":0,"parent":0,"menu_order":100,"comment_status":"closed","ping_status":"closed","template":"","meta":{"footnotes":""},"class_list":["post-718","page","type-page","status-publish"],"yoast_head":"<!-- This site is optimized with the Yoast SEO plugin v27.4 - https:\/\/yoast.com\/product\/yoast-seo-wordpress\/ -->\n<title>Privacy &#187; Kirchsteiger Alm<\/title>\n<meta name=\"robots\" content=\"index, follow, max-snippet:-1, max-image-preview:large, max-video-preview:-1\" \/>\n<link rel=\"canonical\" href=\"https:\/\/kirchsteigeralm.com\/it\/privacy\/\" \/>\n<meta property=\"og:locale\" content=\"it_IT\" \/>\n<meta property=\"og:type\" content=\"article\" \/>\n<meta property=\"og:title\" content=\"Privacy &#187; Kirchsteiger Alm\" \/>\n<meta property=\"og:description\" content=\"[vc_row type=&#8221;in_container&#8221; full_screen_row_position=&#8221;middle&#8221; column_margin=&#8221;default&#8221; column_direction=&#8221;default&#8221; column_direction_tablet=&#8221;default&#8221; column_direction_phone=&#8221;default&#8221; scene_position=&#8221;center&#8221; top_padding=&#8221;3%&#8221; constrain_group_1=&#8221;yes&#8221; bottom_padding=&#8221;3%&#8221; text_color=&#8221;dark&#8221; text_align=&#8221;left&#8221; row_border_radius=&#8221;none&#8221; row_border_radius_applies=&#8221;bg&#8221; overflow=&#8221;visible&#8221; overlay_strength=&#8221;0.3&#8243; gradient_direction=&#8221;left_to_right&#8221; shape_divider_position=&#8221;bottom&#8221; bg_image_animation=&#8221;none&#8221; gradient_type=&#8221;default&#8221; shape_type=&#8221;&#8221;][vc_column column_padding=&#8221;no-extra-padding&#8221; column_padding_tablet=&#8221;inherit&#8221; column_padding_phone=&#8221;inherit&#8221; column_padding_position=&#8221;all&#8221; column_element_direction_desktop=&#8221;default&#8221; column_element_spacing=&#8221;default&#8221; desktop_text_alignment=&#8221;default&#8221; tablet_text_alignment=&#8221;default&#8221;...\" \/>\n<meta property=\"og:url\" content=\"https:\/\/kirchsteigeralm.com\/it\/privacy\/\" \/>\n<meta property=\"og:site_name\" content=\"Kirchsteiger Alm\" \/>\n<meta property=\"article:publisher\" content=\"https:\/\/www.facebook.com\/kirchsteigeralmmeran2000\" \/>\n<meta property=\"article:modified_time\" content=\"2025-09-16T05:17:03+00:00\" \/>\n<meta property=\"og:image\" content=\"https:\/\/kirchsteigeralm.com\/wp-content\/uploads\/2025\/01\/Kirchsteiger-Alm-Winter-05.jpg\" \/>\n\t<meta property=\"og:image:width\" content=\"1920\" \/>\n\t<meta property=\"og:image:height\" content=\"1280\" \/>\n\t<meta property=\"og:image:type\" content=\"image\/jpeg\" \/>\n<meta name=\"twitter:label1\" content=\"Tempo di lettura stimato\" \/>\n\t<meta name=\"twitter:data1\" content=\"8 minuti\" \/>\n<script type=\"application\/ld+json\" class=\"yoast-schema-graph\">{\"@context\":\"https:\\\/\\\/schema.org\",\"@graph\":[{\"@type\":\"WebPage\",\"@id\":\"https:\\\/\\\/kirchsteigeralm.com\\\/it\\\/privacy\\\/\",\"url\":\"https:\\\/\\\/kirchsteigeralm.com\\\/it\\\/privacy\\\/\",\"name\":\"Privacy &#187; Kirchsteiger Alm\",\"isPartOf\":{\"@id\":\"https:\\\/\\\/kirchsteigeralm.com\\\/it\\\/#website\"},\"datePublished\":\"2025-09-12T06:54:50+00:00\",\"dateModified\":\"2025-09-16T05:17:03+00:00\",\"breadcrumb\":{\"@id\":\"https:\\\/\\\/kirchsteigeralm.com\\\/it\\\/privacy\\\/#breadcrumb\"},\"inLanguage\":\"it-IT\",\"potentialAction\":[{\"@type\":\"ReadAction\",\"target\":[\"https:\\\/\\\/kirchsteigeralm.com\\\/it\\\/privacy\\\/\"]}]},{\"@type\":\"BreadcrumbList\",\"@id\":\"https:\\\/\\\/kirchsteigeralm.com\\\/it\\\/privacy\\\/#breadcrumb\",\"itemListElement\":[{\"@type\":\"ListItem\",\"position\":1,\"name\":\"Startseite\",\"item\":\"https:\\\/\\\/kirchsteigeralm.com\\\/it\\\/\"},{\"@type\":\"ListItem\",\"position\":2,\"name\":\"Privacy\"}]},{\"@type\":\"WebSite\",\"@id\":\"https:\\\/\\\/kirchsteigeralm.com\\\/it\\\/#website\",\"url\":\"https:\\\/\\\/kirchsteigeralm.com\\\/it\\\/\",\"name\":\"Kirchsteiger Alm\",\"description\":\"Auf Meran 2000 in 1.945 Metern H\u00f6he\",\"publisher\":{\"@id\":\"https:\\\/\\\/kirchsteigeralm.com\\\/it\\\/#organization\"},\"potentialAction\":[{\"@type\":\"SearchAction\",\"target\":{\"@type\":\"EntryPoint\",\"urlTemplate\":\"https:\\\/\\\/kirchsteigeralm.com\\\/it\\\/?s={search_term_string}\"},\"query-input\":{\"@type\":\"PropertyValueSpecification\",\"valueRequired\":true,\"valueName\":\"search_term_string\"}}],\"inLanguage\":\"it-IT\"},{\"@type\":\"Organization\",\"@id\":\"https:\\\/\\\/kirchsteigeralm.com\\\/it\\\/#organization\",\"name\":\"Kirchsteiger Alm\",\"url\":\"https:\\\/\\\/kirchsteigeralm.com\\\/it\\\/\",\"logo\":{\"@type\":\"ImageObject\",\"inLanguage\":\"it-IT\",\"@id\":\"https:\\\/\\\/kirchsteigeralm.com\\\/it\\\/#\\\/schema\\\/logo\\\/image\\\/\",\"url\":\"https:\\\/\\\/kirchsteigeralm.com\\\/wp-content\\\/uploads\\\/2024\\\/12\\\/Kirchsteiger-Alm-Logo-2x.png\",\"contentUrl\":\"https:\\\/\\\/kirchsteigeralm.com\\\/wp-content\\\/uploads\\\/2024\\\/12\\\/Kirchsteiger-Alm-Logo-2x.png\",\"width\":800,\"height\":182,\"caption\":\"Kirchsteiger Alm\"},\"image\":{\"@id\":\"https:\\\/\\\/kirchsteigeralm.com\\\/it\\\/#\\\/schema\\\/logo\\\/image\\\/\"},\"sameAs\":[\"https:\\\/\\\/www.facebook.com\\\/kirchsteigeralmmeran2000\",\"https:\\\/\\\/www.instagram.com\\\/kirchsteigeralm_meran2000\"]}]}<\/script>\n<!-- \/ Yoast SEO plugin. -->","yoast_head_json":{"title":"Privacy &#187; Kirchsteiger Alm","robots":{"index":"index","follow":"follow","max-snippet":"max-snippet:-1","max-image-preview":"max-image-preview:large","max-video-preview":"max-video-preview:-1"},"canonical":"https:\/\/kirchsteigeralm.com\/it\/privacy\/","og_locale":"it_IT","og_type":"article","og_title":"Privacy &#187; Kirchsteiger Alm","og_description":"[vc_row type=&#8221;in_container&#8221; full_screen_row_position=&#8221;middle&#8221; column_margin=&#8221;default&#8221; column_direction=&#8221;default&#8221; column_direction_tablet=&#8221;default&#8221; column_direction_phone=&#8221;default&#8221; scene_position=&#8221;center&#8221; top_padding=&#8221;3%&#8221; constrain_group_1=&#8221;yes&#8221; bottom_padding=&#8221;3%&#8221; text_color=&#8221;dark&#8221; text_align=&#8221;left&#8221; row_border_radius=&#8221;none&#8221; row_border_radius_applies=&#8221;bg&#8221; overflow=&#8221;visible&#8221; overlay_strength=&#8221;0.3&#8243; gradient_direction=&#8221;left_to_right&#8221; shape_divider_position=&#8221;bottom&#8221; bg_image_animation=&#8221;none&#8221; gradient_type=&#8221;default&#8221; shape_type=&#8221;&#8221;][vc_column column_padding=&#8221;no-extra-padding&#8221; column_padding_tablet=&#8221;inherit&#8221; column_padding_phone=&#8221;inherit&#8221; column_padding_position=&#8221;all&#8221; column_element_direction_desktop=&#8221;default&#8221; column_element_spacing=&#8221;default&#8221; desktop_text_alignment=&#8221;default&#8221; tablet_text_alignment=&#8221;default&#8221;...","og_url":"https:\/\/kirchsteigeralm.com\/it\/privacy\/","og_site_name":"Kirchsteiger Alm","article_publisher":"https:\/\/www.facebook.com\/kirchsteigeralmmeran2000","article_modified_time":"2025-09-16T05:17:03+00:00","og_image":[{"width":1920,"height":1280,"url":"https:\/\/kirchsteigeralm.com\/wp-content\/uploads\/2025\/01\/Kirchsteiger-Alm-Winter-05.jpg","type":"image\/jpeg"}],"twitter_misc":{"Tempo di lettura stimato":"8 minuti"},"schema":{"@context":"https:\/\/schema.org","@graph":[{"@type":"WebPage","@id":"https:\/\/kirchsteigeralm.com\/it\/privacy\/","url":"https:\/\/kirchsteigeralm.com\/it\/privacy\/","name":"Privacy &#187; Kirchsteiger Alm","isPartOf":{"@id":"https:\/\/kirchsteigeralm.com\/it\/#website"},"datePublished":"2025-09-12T06:54:50+00:00","dateModified":"2025-09-16T05:17:03+00:00","breadcrumb":{"@id":"https:\/\/kirchsteigeralm.com\/it\/privacy\/#breadcrumb"},"inLanguage":"it-IT","potentialAction":[{"@type":"ReadAction","target":["https:\/\/kirchsteigeralm.com\/it\/privacy\/"]}]},{"@type":"BreadcrumbList","@id":"https:\/\/kirchsteigeralm.com\/it\/privacy\/#breadcrumb","itemListElement":[{"@type":"ListItem","position":1,"name":"Startseite","item":"https:\/\/kirchsteigeralm.com\/it\/"},{"@type":"ListItem","position":2,"name":"Privacy"}]},{"@type":"WebSite","@id":"https:\/\/kirchsteigeralm.com\/it\/#website","url":"https:\/\/kirchsteigeralm.com\/it\/","name":"Kirchsteiger Alm","description":"Auf Meran 2000 in 1.945 Metern H\u00f6he","publisher":{"@id":"https:\/\/kirchsteigeralm.com\/it\/#organization"},"potentialAction":[{"@type":"SearchAction","target":{"@type":"EntryPoint","urlTemplate":"https:\/\/kirchsteigeralm.com\/it\/?s={search_term_string}"},"query-input":{"@type":"PropertyValueSpecification","valueRequired":true,"valueName":"search_term_string"}}],"inLanguage":"it-IT"},{"@type":"Organization","@id":"https:\/\/kirchsteigeralm.com\/it\/#organization","name":"Kirchsteiger Alm","url":"https:\/\/kirchsteigeralm.com\/it\/","logo":{"@type":"ImageObject","inLanguage":"it-IT","@id":"https:\/\/kirchsteigeralm.com\/it\/#\/schema\/logo\/image\/","url":"https:\/\/kirchsteigeralm.com\/wp-content\/uploads\/2024\/12\/Kirchsteiger-Alm-Logo-2x.png","contentUrl":"https:\/\/kirchsteigeralm.com\/wp-content\/uploads\/2024\/12\/Kirchsteiger-Alm-Logo-2x.png","width":800,"height":182,"caption":"Kirchsteiger Alm"},"image":{"@id":"https:\/\/kirchsteigeralm.com\/it\/#\/schema\/logo\/image\/"},"sameAs":["https:\/\/www.facebook.com\/kirchsteigeralmmeran2000","https:\/\/www.instagram.com\/kirchsteigeralm_meran2000"]}]}},"_links":{"self":[{"href":"https:\/\/kirchsteigeralm.com\/it\/wp-json\/wp\/v2\/pages\/718","targetHints":{"allow":["GET"]}}],"collection":[{"href":"https:\/\/kirchsteigeralm.com\/it\/wp-json\/wp\/v2\/pages"}],"about":[{"href":"https:\/\/kirchsteigeralm.com\/it\/wp-json\/wp\/v2\/types\/page"}],"author":[{"embeddable":true,"href":"https:\/\/kirchsteigeralm.com\/it\/wp-json\/wp\/v2\/users\/1"}],"replies":[{"embeddable":true,"href":"https:\/\/kirchsteigeralm.com\/it\/wp-json\/wp\/v2\/comments?post=718"}],"version-history":[{"count":9,"href":"https:\/\/kirchsteigeralm.com\/it\/wp-json\/wp\/v2\/pages\/718\/revisions"}],"predecessor-version":[{"id":729,"href":"https:\/\/kirchsteigeralm.com\/it\/wp-json\/wp\/v2\/pages\/718\/revisions\/729"}],"wp:attachment":[{"href":"https:\/\/kirchsteigeralm.com\/it\/wp-json\/wp\/v2\/media?parent=718"}],"curies":[{"name":"wp","href":"https:\/\/api.w.org\/{rel}","templated":true}]}}